{"id":10486,"date":"2025-05-31T04:04:44","date_gmt":"2025-05-31T04:04:44","guid":{"rendered":"https:\/\/jurislocator.ca\/a-propos-de-nous\/"},"modified":"2025-08-20T10:32:18","modified_gmt":"2025-08-20T10:32:18","slug":"a-propos-de-nous","status":"publish","type":"page","link":"https:\/\/jurislocator.ca\/fr\/a-propos-de-nous\/","title":{"rendered":"Une mani\u00e8re plus intelligente de travailler avec le droit de l\u2019immigration canadien"},"content":{"rendered":"<p>Jurislocator\u2122 est l\u2019endroit o\u00f9 la clart\u00e9 rencontre le droit de l\u2019immigration canadien.<br \/>\nCon\u00e7u par des professionnels de l\u2019immigration pour des professionnels de l\u2019immigration, notre plateforme offre un acc\u00e8s rapide et fiable \u00e0 la l\u00e9gislation, aux r\u00e8glements, aux outils et aux r\u00e9f\u00e9rences juridiques \u2014 tout en un seul endroit. Que vous soyez CRIC, avocat ou conseiller juridique, Jurislocator\u2122 est con\u00e7u pour simplifier vos recherches, renforcer votre pratique et vous faire gagner du temps.<\/p>\n<h5>L\u2019histoire derri\u00e8re Jurislocator\u2122<\/h5>\n<p>Apr\u00e8s des ann\u00e9es \u00e0 conseiller des clients et \u00e0 naviguer dans des syst\u00e8mes juridiques fragment\u00e9s,<br \/>\n<strong>Brigitte Barakat<\/strong>, CRIC, a constat\u00e9 combien de temps \u00e9tait perdu \u00e0 fouiller dans la l\u00e9gislation.<br \/>\nLe besoin \u00e9tait \u00e9vident : une plateforme centralis\u00e9e et intuitive qui apporte structure et simplicit\u00e9 au r\u00e9f\u00e9rencement juridique \u2014 <strong>con\u00e7ue sp\u00e9cialement pour l\u2019immigration canadienne.<\/strong><br \/>\nC\u2019est ainsi que <strong>Immifocus<\/strong> et Jurislocator\u2122 sont n\u00e9s.<\/p>\n","protected":false},"excerpt":{"rendered":"<p>Jurislocator\u2122 est l\u2019endroit o\u00f9 la clart\u00e9 rencontre le droit de l\u2019immigration canadien. Con\u00e7u par des professionnels de l\u2019immigration pour des professionnels de l\u2019immigration, notre plateforme offre un acc\u00e8s rapide et fiable \u00e0 la l\u00e9gislation, aux r\u00e8glements, aux outils et aux r\u00e9f\u00e9rences juridiques \u2014 tout en un seul endroit. Que vous soyez CRIC, avocat ou conseiller [&hellip;]<\/p>\n","protected":false},"author":1,"featured_media":10667,"parent":0,"menu_order":0,"comment_status":"closed","ping_status":"closed","template":"page-about.php","meta":{"inline_featured_image":false,"footnotes":""},"class_list":["post-10486","page","type-page","status-publish","has-post-thumbnail","hentry"],"_links":{"self":[{"href":"https:\/\/jurislocator.ca\/fr\/wp-json\/wp\/v2\/pages\/10486","targetHints":{"allow":["GET"]}}],"collection":[{"href":"https:\/\/jurislocator.ca\/fr\/wp-json\/wp\/v2\/pages"}],"about":[{"href":"https:\/\/jurislocator.ca\/fr\/wp-json\/wp\/v2\/types\/page"}],"author":[{"embeddable":true,"href":"https:\/\/jurislocator.ca\/fr\/wp-json\/wp\/v2\/users\/1"}],"replies":[{"embeddable":true,"href":"https:\/\/jurislocator.ca\/fr\/wp-json\/wp\/v2\/comments?post=10486"}],"version-history":[{"count":7,"href":"https:\/\/jurislocator.ca\/fr\/wp-json\/wp\/v2\/pages\/10486\/revisions"}],"predecessor-version":[{"id":11942,"href":"https:\/\/jurislocator.ca\/fr\/wp-json\/wp\/v2\/pages\/10486\/revisions\/11942"}],"wp:featuredmedia":[{"embeddable":true,"href":"https:\/\/jurislocator.ca\/fr\/wp-json\/wp\/v2\/media\/10667"}],"wp:attachment":[{"href":"https:\/\/jurislocator.ca\/fr\/wp-json\/wp\/v2\/media?parent=10486"}],"curies":[{"name":"wp","href":"https:\/\/api.w.org\/{rel}","templated":true}]}}