{"id":10633,"date":"2025-04-28T10:08:14","date_gmt":"2025-04-28T10:08:14","guid":{"rendered":"https:\/\/jurislocator.ca\/connexion-des-clients\/"},"modified":"2025-11-06T11:33:17","modified_gmt":"2025-11-06T11:33:17","slug":"connexion-des-clients","status":"publish","type":"page","link":"https:\/\/jurislocator.ca\/fr\/connexion-des-clients\/","title":{"rendered":"connexion-des-clients"},"content":{"rendered":"<h1>Espace client \u2014 disponible bient\u00f4t<\/h1>\n<p>Nous pr\u00e9parons le lancement d\u2019un espace s\u00e9curis\u00e9 sur Jurislocator\u2122 exclusivement r\u00e9serv\u00e9 \u00e0 nos clients \u2014 les praticiens en immigration canadienne (CIPs).<\/p>\n<p>Cet espace vous permettra de\u202f:<\/p>\n<p>G\u00e9rer vos dossiers clients dans un endroit s\u00e9curis\u00e9<\/p>\n<p>\u00c9pingler et organiser des liens juridiques intelligents propres \u00e0 chaque dossier<\/p>\n<p>Enregistrer des notes li\u00e9es \u00e0 des r\u00e9f\u00e9rences l\u00e9gales pour chaque client<\/p>\n<p>Exporter vos documents, lettres ou mod\u00e8les juridiques et les rattacher aux dossiers clients<\/p>\n<p>Suivre les \u00e9ch\u00e9ances et \u00e9tapes importantes en un coup d\u2019\u0153il<\/p>\n<p>Communiquer de mani\u00e8re s\u00e9curis\u00e9e avec vos clients (fonctionnalit\u00e9 \u00e0 venir)<\/p>\n<p>Vous gardez le plein contr\u00f4le de votre espace \u2014 con\u00e7u pour vous aider \u00e0 mieux organiser vos dossiers, gagner du temps et offrir un service juridique plus efficace.<\/P>                                                                                                                                          <\/p>\n<p>Restez \u00e0 l\u2019aff\u00fbt \u2014 nous finalisons les derniers d\u00e9tails de cette nouvelle fonctionnalit\u00e9 con\u00e7ue pour enrichir l\u2019exp\u00e9rience client.<\/p>\n<p class=\"clientButton\"><a href=\"https:\/\/jurislocator.ca\/fr\/contactez-nous\/\" class=\"button btnBlue mt-4\">Contactez-nous<\/a><\/p>\n","protected":false},"excerpt":{"rendered":"<p>Espace client \u2014 disponible bient\u00f4t Nous pr\u00e9parons le lancement d\u2019un espace s\u00e9curis\u00e9 sur Jurislocator\u2122 exclusivement r\u00e9serv\u00e9 \u00e0 nos clients \u2014 les praticiens en immigration canadienne (CIPs). Cet espace vous permettra de\u202f: G\u00e9rer vos dossiers clients dans un endroit s\u00e9curis\u00e9 \u00c9pingler et organiser des liens juridiques intelligents propres \u00e0 chaque dossier Enregistrer des notes li\u00e9es \u00e0 [&hellip;]<\/p>\n","protected":false},"author":1,"featured_media":10661,"parent":0,"menu_order":0,"comment_status":"closed","ping_status":"closed","template":"page-blank.php","meta":{"inline_featured_image":false,"footnotes":""},"class_list":["post-10633","page","type-page","status-publish","has-post-thumbnail","hentry"],"_links":{"self":[{"href":"https:\/\/jurislocator.ca\/fr\/wp-json\/wp\/v2\/pages\/10633","targetHints":{"allow":["GET"]}}],"collection":[{"href":"https:\/\/jurislocator.ca\/fr\/wp-json\/wp\/v2\/pages"}],"about":[{"href":"https:\/\/jurislocator.ca\/fr\/wp-json\/wp\/v2\/types\/page"}],"author":[{"embeddable":true,"href":"https:\/\/jurislocator.ca\/fr\/wp-json\/wp\/v2\/users\/1"}],"replies":[{"embeddable":true,"href":"https:\/\/jurislocator.ca\/fr\/wp-json\/wp\/v2\/comments?post=10633"}],"version-history":[{"count":19,"href":"https:\/\/jurislocator.ca\/fr\/wp-json\/wp\/v2\/pages\/10633\/revisions"}],"predecessor-version":[{"id":12199,"href":"https:\/\/jurislocator.ca\/fr\/wp-json\/wp\/v2\/pages\/10633\/revisions\/12199"}],"wp:featuredmedia":[{"embeddable":true,"href":"https:\/\/jurislocator.ca\/fr\/wp-json\/wp\/v2\/media\/10661"}],"wp:attachment":[{"href":"https:\/\/jurislocator.ca\/fr\/wp-json\/wp\/v2\/media?parent=10633"}],"curies":[{"name":"wp","href":"https:\/\/api.w.org\/{rel}","templated":true}]}}