{"id":10634,"date":"2025-08-03T04:33:34","date_gmt":"2025-08-03T04:33:34","guid":{"rendered":"https:\/\/jurislocator.ca\/droit-dauteur\/"},"modified":"2025-11-06T04:42:34","modified_gmt":"2025-11-06T04:42:34","slug":"droit-dauteur","status":"publish","type":"page","link":"https:\/\/jurislocator.ca\/fr\/droit-dauteur\/","title":{"rendered":"Droit d&#8217;auteur"},"content":{"rendered":"<p data-start=\"55\" data-end=\"403\">Tous les contenus, mat\u00e9riaux et \u00e9l\u00e9ments de propri\u00e9t\u00e9 intellectuelle affich\u00e9s ou accessibles sur ce site Web, y compris, sans s\u2019y limiter, les textes, images, graphiques, logos, ic\u00f4nes, extraits audio, t\u00e9l\u00e9chargements num\u00e9riques, compilations de donn\u00e9es et logiciels, sont prot\u00e9g\u00e9s par les lois canadiennes et internationales sur le droit d\u2019auteur.<\/p>\n<p data-start=\"405\" data-end=\"824\">Jurislocator\u2122 est une plateforme exclusive d\u00e9velopp\u00e9e et d\u00e9tenue par Immifocus Inc. L\u2019ensemble du contenu l\u00e9gislatif et r\u00e9glementaire disponible sur Jurislocator\u2122 provient de publications officielles du gouvernement du Canada, notamment Canada.ca, Immigration, R\u00e9fugi\u00e9s et Citoyennet\u00e9 Canada (IRCC) et le minist\u00e8re de la Justice (justice.gc.ca). Ces documents sont publi\u00e9s sous la Licence du gouvernement ouvert \u2013 Canada.<\/p>\n<p data-start=\"826\" data-end=\"1273\">Jurislocator\u2122 ne revendique aucun droit d\u2019auteur sur les textes gouvernementaux originaux. Nos droits d\u2019auteur s\u2019appliquent exclusivement \u00e0 la conception de la plateforme, \u00e0 sa structure, \u00e0 son architecture de base de donn\u00e9es propri\u00e9taire, \u00e0 son syst\u00e8me de liens contextuels, \u00e0 sa fonctionnalit\u00e9 de surlignage, \u00e0 ses outils de recherche, calculateurs et autres fonctionnalit\u00e9s \u00e0 valeur ajout\u00e9e qui am\u00e9liorent la recherche et la pratique juridiques.<\/p>\n<p data-start=\"1275\" data-end=\"1474\">Jurislocator\u2122 est un outil ind\u00e9pendant con\u00e7u pour assister les professionnels de l\u2019immigration au Canada. Il n\u2019est ni affili\u00e9 au gouvernement du Canada, ni approuv\u00e9 par lui, ni destin\u00e9 \u00e0 le remplacer.<\/p>\n<p data-start=\"1476\" data-end=\"1824\">Pour toute question relative \u00e0 l\u2019utilisation ou \u00e0 l\u2019octroi de licences pour les contenus prot\u00e9g\u00e9s par droit d\u2019auteur figurant sur ce site, veuillez nous contacter \u00e0 l\u2019adresse suivante :<a href=\"mailto:legal@jurislocator.ca\">legal@jurislocator.ca<\/a> <br data-start=\"1716\" data-end=\"1719\" \/>Toute utilisation autoris\u00e9e des contenus prot\u00e9g\u00e9s doit inclure une attribution appropri\u00e9e \u00e0 Jurislocator\u2122.<\/p>\n<p data-start=\"1826\" data-end=\"1959\">L\u2019utilisation de cette plateforme constitue une acceptation de nos Conditions d\u2019utilisation et de notre Politique de confidentialit\u00e9.<\/p>\n<p data-start=\"1961\" data-end=\"2019\">\u00a9 2025 Jurislocator\u2122 \u2013 Immifocus Inc. Tous droits r\u00e9serv\u00e9s.<\/p>\n","protected":false},"excerpt":{"rendered":"<p>Tous les contenus, mat\u00e9riaux et \u00e9l\u00e9ments de propri\u00e9t\u00e9 intellectuelle affich\u00e9s ou accessibles sur ce site Web, y compris, sans s\u2019y limiter, les textes, images, graphiques, logos, ic\u00f4nes, extraits audio, t\u00e9l\u00e9chargements num\u00e9riques, compilations de donn\u00e9es et logiciels, sont prot\u00e9g\u00e9s par les lois canadiennes et internationales sur le droit d\u2019auteur. Jurislocator\u2122 est une plateforme exclusive d\u00e9velopp\u00e9e et [&hellip;]<\/p>\n","protected":false},"author":1,"featured_media":0,"parent":0,"menu_order":0,"comment_status":"closed","ping_status":"closed","template":"","meta":{"inline_featured_image":false,"footnotes":""},"class_list":["post-10634","page","type-page","status-publish","hentry"],"_links":{"self":[{"href":"https:\/\/jurislocator.ca\/fr\/wp-json\/wp\/v2\/pages\/10634","targetHints":{"allow":["GET"]}}],"collection":[{"href":"https:\/\/jurislocator.ca\/fr\/wp-json\/wp\/v2\/pages"}],"about":[{"href":"https:\/\/jurislocator.ca\/fr\/wp-json\/wp\/v2\/types\/page"}],"author":[{"embeddable":true,"href":"https:\/\/jurislocator.ca\/fr\/wp-json\/wp\/v2\/users\/1"}],"replies":[{"embeddable":true,"href":"https:\/\/jurislocator.ca\/fr\/wp-json\/wp\/v2\/comments?post=10634"}],"version-history":[{"count":7,"href":"https:\/\/jurislocator.ca\/fr\/wp-json\/wp\/v2\/pages\/10634\/revisions"}],"predecessor-version":[{"id":12183,"href":"https:\/\/jurislocator.ca\/fr\/wp-json\/wp\/v2\/pages\/10634\/revisions\/12183"}],"wp:attachment":[{"href":"https:\/\/jurislocator.ca\/fr\/wp-json\/wp\/v2\/media?parent=10634"}],"curies":[{"name":"wp","href":"https:\/\/api.w.org\/{rel}","templated":true}]}}