{"id":10668,"date":"2025-08-04T08:16:38","date_gmt":"2025-08-04T08:16:38","guid":{"rendered":"https:\/\/jurislocator.ca\/clause-de-non-responsabilite\/"},"modified":"2025-11-06T06:48:39","modified_gmt":"2025-11-06T06:48:39","slug":"clause-de-non-responsabilite","status":"publish","type":"page","link":"https:\/\/jurislocator.ca\/fr\/clause-de-non-responsabilite\/","title":{"rendered":"Clause de non-responsabilit\u00e9"},"content":{"rendered":"<p>Jurislocator\u2122 est une plateforme ind\u00e9pendante d\u2019information juridique con\u00e7ue pour assister les professionnels et parties prenantes \u0153uvrant dans le domaine du droit de l\u2019immigration et du droit administratif canadiens.<br \/>\nTout le contenu pr\u00e9sent\u00e9 sur le site Jurislocator\u2122 est diffus\u00e9 exclusivement \u00e0 des fins informatives et \u00e9ducatives, de bonne foi, <strong>et ne doit en aucun cas \u00eatre interpr\u00e9t\u00e9 comme un avis juridique, tel que fourni par un professionnel du droit.<\/strong><br \/>\nL\u2019ensemble du contenu l\u00e9gislatif et r\u00e9glementaire disponible sur Jurislocator\u2122 provient de sources officielles du gouvernement du Canada, notamment Canada.ca, Immigration, R\u00e9fugi\u00e9s et Citoyennet\u00e9 Canada (IRCC), et le minist\u00e8re de la Justice (justice.gc.ca). Ces documents sont publi\u00e9s conform\u00e9ment \u00e0 la Licence du gouvernement ouvert \u2013 Canada.<br \/>\nJurislocator\u2122 s\u2019efforce de fournir des informations \u00e0 jour et exactes ; toutefois, aucune garantie n\u2019est donn\u00e9e quant \u00e0 l\u2019exactitude, \u00e0 l\u2019exhaustivit\u00e9 ou \u00e0 la fiabilit\u00e9 du contenu accessible. Par cons\u00e9quent, toute action entreprise par un utilisateur sur la base des informations obtenues sur ce site est effectu\u00e9e \u00e0 ses propres risques.<br \/>Les utilisateurs sont vivement encourag\u00e9s \u00e0 consulter les sites officiels du gouvernement du Canada ou \u00e0 solliciter les conseils de professionnels du droit qualifi\u00e9s pour toute orientation juridique officielle. Jurislocator\u2122 d\u00e9cline toute responsabilit\u00e9 concernant toute erreur, omission ou cons\u00e9quence r\u00e9sultant de l\u2019utilisation de cette plateforme.<br \/>Dans certaines circonstances, le site peut \u00eatre temporairement inaccessible en raison de travaux de maintenance planifi\u00e9s, de probl\u00e8mes techniques impr\u00e9vus ou de failles de s\u00e9curit\u00e9 potentielles. En pareil cas, vous reconnaissez express\u00e9ment que nous ne saurions \u00eatre tenus responsables de tout dommage ou perte, et vous renoncez volontairement \u00e0 toute poursuite ou r\u00e9clamation contre Jurislocator\u2122.     <\/p>\n<h4>CONSENTEMENT<\/h4>\n<p>En acc\u00e9dant \u00e0 notre site Web et en l\u2019utilisant, vous reconnaissez express\u00e9ment avoir pris connaissance des conditions de notre avis de non-responsabilit\u00e9, et y consentez. La poursuite de votre navigation sur notre site constitue votre acceptation pleine et enti\u00e8re des termes \u00e9nonc\u00e9s dans le pr\u00e9sent avis. <\/p>\n<h4>MISE \u00c0 JOUR DE L\u2019AVIS DE NON-RESPONSABILIT\u00c9<\/h4>\n<p>En cas de modification, r\u00e9vision ou mise \u00e0 jour du pr\u00e9sent document, les changements seront clairement affich\u00e9s sur cette page.<\/p>\n<p>\u00a9 2025 Jurislocator\u2122 \u2013 Immifocus Inc. Tous droits r\u00e9serv\u00e9s.<\/p>\n","protected":false},"excerpt":{"rendered":"<p>Jurislocator\u2122 est une plateforme ind\u00e9pendante d\u2019information juridique con\u00e7ue pour assister les professionnels et parties prenantes \u0153uvrant dans le domaine du droit de l\u2019immigration et du droit administratif canadiens. Tout le contenu pr\u00e9sent\u00e9 sur le site Jurislocator\u2122 est diffus\u00e9 exclusivement \u00e0 des fins informatives et \u00e9ducatives, de bonne foi, et ne doit en aucun cas \u00eatre [&hellip;]<\/p>\n","protected":false},"author":1,"featured_media":0,"parent":0,"menu_order":0,"comment_status":"closed","ping_status":"closed","template":"","meta":{"inline_featured_image":false,"footnotes":""},"class_list":["post-10668","page","type-page","status-publish","hentry"],"_links":{"self":[{"href":"https:\/\/jurislocator.ca\/fr\/wp-json\/wp\/v2\/pages\/10668","targetHints":{"allow":["GET"]}}],"collection":[{"href":"https:\/\/jurislocator.ca\/fr\/wp-json\/wp\/v2\/pages"}],"about":[{"href":"https:\/\/jurislocator.ca\/fr\/wp-json\/wp\/v2\/types\/page"}],"author":[{"embeddable":true,"href":"https:\/\/jurislocator.ca\/fr\/wp-json\/wp\/v2\/users\/1"}],"replies":[{"embeddable":true,"href":"https:\/\/jurislocator.ca\/fr\/wp-json\/wp\/v2\/comments?post=10668"}],"version-history":[{"count":2,"href":"https:\/\/jurislocator.ca\/fr\/wp-json\/wp\/v2\/pages\/10668\/revisions"}],"predecessor-version":[{"id":12158,"href":"https:\/\/jurislocator.ca\/fr\/wp-json\/wp\/v2\/pages\/10668\/revisions\/12158"}],"wp:attachment":[{"href":"https:\/\/jurislocator.ca\/fr\/wp-json\/wp\/v2\/media?parent=10668"}],"curies":[{"name":"wp","href":"https:\/\/api.w.org\/{rel}","templated":true}]}}