{"id":10685,"date":"2025-05-31T04:01:22","date_gmt":"2025-05-31T04:01:22","guid":{"rendered":"https:\/\/jurislocator.ca\/centre-daide\/"},"modified":"2025-07-14T06:47:28","modified_gmt":"2025-07-14T06:47:28","slug":"centre-daide","status":"publish","type":"page","link":"https:\/\/jurislocator.ca\/fr\/centre-daide\/","title":{"rendered":"Centre d&#8217;aide"},"content":{"rendered":"<h1 class=\"card-title mb-3\">Centre d\u2019aide bient\u00f4t en ligne<\/h1>\n<p class=\"card-text text-muted mb-4\">Nous sommes en train de mettre en place le Centre d\u2019aide Jurislocator\u2122 \u2014 un portail de soutien con\u00e7u pour offrir \u00e0 nos utilisateurs une assistance plus rapide, plus cibl\u00e9e et plus efficace.<\/p>\n<p class=\"card-text text-muted mb-4\">Vous pourrez bient\u00f4t :<\/p>\n<p class=\"card-text text-muted mb-4\">Soumettre des demandes d\u2019assistance<\/p>\n<p class=\"card-text text-muted mb-4\">Discuter en direct avec notre \u00e9quipe<\/p>\n<p class=\"card-text text-muted mb-4\">Consulter une base de connaissances \u00e9volutive avec des guides pratiques, des FAQ et des ressources adapt\u00e9es \u00e0 vos besoins<\/p>\n<p class=\"text-muted\">Cette fonctionnalit\u00e9 est en cours de d\u00e9veloppement. Merci de votre patience pendant que nous finalisons cette exp\u00e9rience de soutien con\u00e7ue pour les professionnels de l\u2019immigration canadienne. Entre temps, vous pouvez nous \u00e9crire \u00e0 support@jurislocator.ca<\/p>\n<p class=\"helpCenterButton\"><a href=\"https:\/\/jurislocator.ca\/fr\/contactez-nous\/\" class=\"button btnBlue mt-4\">Contactez-nous<\/a><\/p>\n","protected":false},"excerpt":{"rendered":"<p>Centre d\u2019aide bient\u00f4t en ligne Nous sommes en train de mettre en place le Centre d\u2019aide Jurislocator\u2122 \u2014 un portail de soutien con\u00e7u pour offrir \u00e0 nos utilisateurs une assistance plus rapide, plus cibl\u00e9e et plus efficace. Vous pourrez bient\u00f4t : Soumettre des demandes d\u2019assistance Discuter en direct avec notre \u00e9quipe Consulter une base de [&hellip;]<\/p>\n","protected":false},"author":1,"featured_media":10661,"parent":0,"menu_order":0,"comment_status":"closed","ping_status":"closed","template":"page-blank.php","meta":{"inline_featured_image":false,"footnotes":""},"class_list":["post-10685","page","type-page","status-publish","has-post-thumbnail","hentry"],"_links":{"self":[{"href":"https:\/\/jurislocator.ca\/fr\/wp-json\/wp\/v2\/pages\/10685","targetHints":{"allow":["GET"]}}],"collection":[{"href":"https:\/\/jurislocator.ca\/fr\/wp-json\/wp\/v2\/pages"}],"about":[{"href":"https:\/\/jurislocator.ca\/fr\/wp-json\/wp\/v2\/types\/page"}],"author":[{"embeddable":true,"href":"https:\/\/jurislocator.ca\/fr\/wp-json\/wp\/v2\/users\/1"}],"replies":[{"embeddable":true,"href":"https:\/\/jurislocator.ca\/fr\/wp-json\/wp\/v2\/comments?post=10685"}],"version-history":[{"count":3,"href":"https:\/\/jurislocator.ca\/fr\/wp-json\/wp\/v2\/pages\/10685\/revisions"}],"predecessor-version":[{"id":11645,"href":"https:\/\/jurislocator.ca\/fr\/wp-json\/wp\/v2\/pages\/10685\/revisions\/11645"}],"wp:featuredmedia":[{"embeddable":true,"href":"https:\/\/jurislocator.ca\/fr\/wp-json\/wp\/v2\/media\/10661"}],"wp:attachment":[{"href":"https:\/\/jurislocator.ca\/fr\/wp-json\/wp\/v2\/media?parent=10685"}],"curies":[{"name":"wp","href":"https:\/\/api.w.org\/{rel}","templated":true}]}}