{"id":10988,"date":"2025-06-28T06:53:26","date_gmt":"2025-06-28T06:53:26","guid":{"rendered":"https:\/\/jurislocator.ca\/reservez-une-demonstration\/"},"modified":"2025-11-06T07:21:13","modified_gmt":"2025-11-06T07:21:13","slug":"reservez-une-demonstration","status":"publish","type":"page","link":"https:\/\/jurislocator.ca\/fr\/reservez-une-demonstration\/","title":{"rendered":"R\u00e9servez une d\u00e9monstration"},"content":{"rendered":"<div class=\"row\">\n<div class=\"col-lg-6\">\n<h4>Comment fonctionne la r\u00e9servation de d\u00e9mo<\/h4>\n<p>Afin d\u2019offrir un acc\u00e8s personnalis\u00e9 aux professionnels juridiques v\u00e9rifi\u00e9s, toutes les demandes de d\u00e9monstration sont soumises \u00e0 un bref processus de v\u00e9rification de licence.<\/p>\n<p>Lorsque vous soumettez le formulaire de r\u00e9servation, vous devrez fournir votre num\u00e9ro de licence professionnelle. Nous utilisons cette information pour confirmer que vous \u00eates :<\/p>\n<ul class=\"hexList\">\n<li>Un consultant r\u00e9glement\u00e9 en immigration canadienne (CRIC \u2013 CICC)<\/li>\n<li>Un avocat sp\u00e9cialis\u00e9 en immigration au Canada<\/li>\n<li>Un membre de la Chambre des notaires du Qu\u00e9bec<\/li>\n<\/ul>\n<p>Une fois votre licence v\u00e9rifi\u00e9e, un membre de notre \u00e9quipe vous contactera directement pour planifier une d\u00e9monstration personnalis\u00e9e de la plateforme Jurislocator. Cela nous permet de nous assurer que la d\u00e9monstration r\u00e9pond \u00e0 vos besoins juridiques sp\u00e9cifiques et met en valeur les outils les plus pertinents pour votre pratique.<\/p>\n<p>Nous vous remercions de votre int\u00e9r\u00eat et avons h\u00e2te de vous montrer comment Jurislocator peut simplifier vos recherches juridiques en immigration et la gestion de vos clients.\n<\/p><\/div>\n<div class=\"col-lg-6\">\n<div class=\"wpcf7 no-js\" id=\"wpcf7-f11001-o1\" lang=\"fr-FR\" dir=\"ltr\" data-wpcf7-id=\"11001\">\n<div class=\"screen-reader-response\"><p role=\"status\" aria-live=\"polite\" aria-atomic=\"true\"><\/p> <ul><\/ul><\/div>\n<form action=\"\/fr\/wp-json\/wp\/v2\/pages\/10988#wpcf7-f11001-o1\" method=\"post\" class=\"wpcf7-form init\" aria-label=\"Contact form\" novalidate=\"novalidate\" data-status=\"init\">\n<fieldset class=\"hidden-fields-container\"><input type=\"hidden\" name=\"_wpcf7\" value=\"11001\" \/><input type=\"hidden\" name=\"_wpcf7_version\" value=\"6.1.5\" \/><input type=\"hidden\" name=\"_wpcf7_locale\" value=\"fr_FR\" \/><input type=\"hidden\" name=\"_wpcf7_unit_tag\" value=\"wpcf7-f11001-o1\" \/><input type=\"hidden\" name=\"_wpcf7_container_post\" value=\"0\" \/><input type=\"hidden\" name=\"_wpcf7_posted_data_hash\" value=\"\" \/><input type=\"hidden\" name=\"_wpcf7cf_hidden_group_fields\" value=\"[]\" \/><input type=\"hidden\" name=\"_wpcf7cf_hidden_groups\" value=\"[]\" \/><input type=\"hidden\" name=\"_wpcf7cf_visible_groups\" value=\"[]\" \/><input type=\"hidden\" name=\"_wpcf7cf_repeaters\" value=\"[]\" \/><input type=\"hidden\" name=\"_wpcf7cf_steps\" value=\"{}\" \/><input type=\"hidden\" name=\"_wpcf7cf_options\" value=\"{&quot;form_id&quot;:11001,&quot;conditions&quot;:[{&quot;then_field&quot;:&quot;license-number&quot;,&quot;and_rules&quot;:[{&quot;if_field&quot;:&quot;userType&quot;,&quot;operator&quot;:&quot;equals&quot;,&quot;if_value&quot;:&quot;Consultant canadien en immigration autoris\\u00e9&quot;}]},{&quot;then_field&quot;:&quot;law-number&quot;,&quot;and_rules&quot;:[{&quot;if_field&quot;:&quot;userType&quot;,&quot;operator&quot;:&quot;equals&quot;,&quot;if_value&quot;:&quot;Avocat sp\\u00e9cialis\\u00e9 en immigration au Canada&quot;}]},{&quot;then_field&quot;:&quot;chambre-number&quot;,&quot;and_rules&quot;:[{&quot;if_field&quot;:&quot;userType&quot;,&quot;operator&quot;:&quot;equals&quot;,&quot;if_value&quot;:&quot;Membre de la Chambre des notaires du Qu\\u00e9bec&quot;}]},{&quot;then_field&quot;:&quot;none_of_above&quot;,&quot;and_rules&quot;:[{&quot;if_field&quot;:&quot;userType&quot;,&quot;operator&quot;:&quot;equals&quot;,&quot;if_value&quot;:&quot;Aucun de ce qui pr\\u00e9c\\u00e8de&quot;}]}],&quot;settings&quot;:{&quot;animation&quot;:&quot;yes&quot;,&quot;animation_intime&quot;:200,&quot;animation_outtime&quot;:200,&quot;conditions_ui&quot;:&quot;normal&quot;,&quot;notice_dismissed&quot;:false}}\" \/>\n<\/fieldset>\n<div class=\"contactUsForm\">\n\t<div class=\"row\">\n\t\t<div class=\"col-lg-6 contactFormTest\">\n\t\t\t<p><label>Votre nom de famille<br \/>\n<span class=\"wpcf7-form-control-wrap\" data-name=\"Surname\"><input size=\"40\" maxlength=\"400\" class=\"wpcf7-form-control wpcf7-text\" aria-invalid=\"false\" placeholder=\"Votre nom de famille\" value=\"\" type=\"text\" name=\"Surname\" \/><\/span><br \/>\n<\/label>\n\t\t\t<\/p>\n\t\t<\/div>\n\t\t<div class=\"col-lg-6 contactFormTest\">\n\t\t\t<p><label>Votre pr\u00e9nom<br \/>\n<span class=\"wpcf7-form-control-wrap\" data-name=\"firstName\"><input size=\"40\" maxlength=\"400\" class=\"wpcf7-form-control wpcf7-text\" aria-invalid=\"false\" placeholder=\"Votre pr\u00e9nom\" value=\"\" type=\"text\" name=\"firstName\" \/><\/span><br \/>\n<\/label>\n\t\t\t<\/p>\n\t\t<\/div>\n\t<\/div>\n\t<div class=\"row\">\n\t\t<div class=\"col-lg-12 contactFormSelect\">\n\t\t\t<p><label>\u00cates-vous un praticien en immigration canadienne l\u00e9galement autoris\u00e9 ? Si oui, veuillez s\u00e9lectionner ci-dessous :<br \/>\n<span class=\"wpcf7-form-control-wrap\" data-name=\"userType\"><select class=\"wpcf7-form-control wpcf7-select wpcf7-validates-as-required select-immigration-practitioner\" id=\"userType\" aria-required=\"true\" aria-invalid=\"false\" name=\"userType\"><option value=\"S\u00e9lectionnez ici\">S\u00e9lectionnez ici<\/option><option value=\"Consultant canadien en immigration autoris\u00e9\">Consultant canadien en immigration autoris\u00e9<\/option><option value=\"Avocat sp\u00e9cialis\u00e9 en immigration au Canada\">Avocat sp\u00e9cialis\u00e9 en immigration au Canada<\/option><option value=\"Membre de la Chambre des notaires du Qu\u00e9bec\">Membre de la Chambre des notaires du Qu\u00e9bec<\/option><option value=\"Aucun de ce qui pr\u00e9c\u00e8de\">Aucun de ce qui pr\u00e9c\u00e8de<\/option><\/select><\/span><br \/>\n<\/label>\n\t\t\t<\/p>\n\t\t<\/div>\n\t<\/div>\n\t<div class=\"row\">\n\t\t<div class=\"col-lg-12 contactFormTest\">\n\t\t\t<p><span style=\"font-size: 14px; margin-bottom: 10px; font-style: italic;\"><br \/>\nSi oui, veuillez poursuivre la demande de d\u00e9monstration en fournissant les informations restantes.<br \/>\n<\/span>\n\t\t\t<\/p>\n\t\t<\/div>\n\t<\/div>\n\n<!-- Licensed Canadian Immigration Practitioner -->\n\t<div data-id=\"license-number\" data-orig_data_id=\"license-number\" data-clear_on_hide class=\"\" data-class=\"wpcf7cf_group\">\n\t\t<div class=\"row licenseNumber\">\n\t\t\t<div class=\"col-lg-12 contactFormTest\">\n\t\t\t\t<p><label>License number<span style=\"color:#ff4242;\">*<\/span><br \/>\n<span class=\"wpcf7-form-control-wrap\" data-name=\"licenseNumber\"><input size=\"40\" maxlength=\"400\" class=\"wpcf7-form-control wpcf7-text\" id=\"licenseNumber\" aria-invalid=\"false\" placeholder=\"R400000 \/ 13456\" value=\"\" type=\"text\" name=\"licenseNumber\" \/><\/span><br \/>\n<\/label>\n\t\t\t\t<\/p>\n\t\t\t<\/div>\n\t\t<\/div>\n\t<\/div>\n\n<!-- Canadian Immigration Lawyer -->\n\t<div data-id=\"law-number\" data-orig_data_id=\"law-number\" data-clear_on_hide class=\"\" data-class=\"wpcf7cf_group\">\n\t\t<div class=\"row barNumber\">\n\t\t\t<div class=\"col-lg-12 contactFormTest\">\n\t\t\t\t<p><label>Law society membership number<span style=\"color:#ff4242;\">*<\/span><br \/>\n<span class=\"wpcf7-form-control-wrap\" data-name=\"barNumber\"><input size=\"40\" maxlength=\"400\" class=\"wpcf7-form-control wpcf7-text\" id=\"barNumber\" aria-invalid=\"false\" placeholder=\"S700000 \/ B-1000 \/ 1234567\" value=\"\" type=\"text\" name=\"barNumber\" \/><\/span><br \/>\n<\/label>\n\t\t\t\t<\/p>\n\t\t\t<\/div>\n\t\t<\/div>\n\t<\/div>\n\n<!-- Chambre des notaires du Qu\u00e9bec -->\n\t<div data-id=\"chambre-number\" data-orig_data_id=\"chambre-number\" data-clear_on_hide class=\"\" data-class=\"wpcf7cf_group\">\n\t\t<div class=\"row cqmNumber\">\n\t\t\t<div class=\"col-lg-12 contactFormTest\">\n\t\t\t\t<p><label>Chambre des notaires du Qu\u00e9bec Membership Number<span style=\"color:#ff4242;\">*<\/span><br \/>\n<span class=\"wpcf7-form-control-wrap\" data-name=\"cqmNumber\"><input size=\"40\" maxlength=\"400\" class=\"wpcf7-form-control wpcf7-text\" id=\"cqmNumber\" aria-invalid=\"false\" placeholder=\"A0000\" value=\"\" type=\"text\" name=\"cqmNumber\" \/><\/span><br \/>\n<\/label>\n\t\t\t\t<\/p>\n\t\t\t<\/div>\n\t\t<\/div>\n\t<\/div>\n\t<div data-id=\"none_of_above\" data-orig_data_id=\"none_of_above\" data-clear_on_hide class=\"\" data-class=\"wpcf7cf_group\">\n\t\t<div class=\"row\">\n\t\t\t<div class=\"col-lg-12 contactFormTest\">\n\t\t\t\t<p id=\"userMessage\"><br \/>\nCette application Jurislocator a \u00e9t\u00e9 con\u00e7ue exclusivement pour les praticiens en immigration autoris\u00e9s au Canada. La d\u00e9monstration sera offerte uniquement aux professionnels agr\u00e9\u00e9s.\n\t\t\t\t<\/p>\n\t\t\t<\/div>\n\t\t<\/div>\n\t<\/div>\n\t<div class=\"row\">\n\t\t<div class=\"col-lg-6 contactFormTest\">\n\t\t\t<p><label>Num\u00e9ro de t\u00e9l\u00e9phone<br \/>\n<span class=\"wpcf7-form-control-wrap\" data-name=\"telephoneNumber\"><input size=\"40\" maxlength=\"400\" class=\"wpcf7-form-control wpcf7-tel wpcf7-validates-as-required wpcf7-text wpcf7-validates-as-tel\" aria-required=\"true\" aria-invalid=\"false\" placeholder=\"+1 000-000-0000\" value=\"\" type=\"tel\" name=\"telephoneNumber\" \/><\/span><br \/>\n<\/label>\n\t\t\t<\/p>\n\t\t<\/div>\n\t\t<div class=\"col-lg-6 contactFormTest\">\n\t\t\t<p><label>Adresse courriel<br \/>\n<span class=\"wpcf7-form-control-wrap\" data-name=\"emailAddress\"><input size=\"40\" maxlength=\"400\" class=\"wpcf7-form-control wpcf7-email wpcf7-validates-as-required wpcf7-text wpcf7-validates-as-email\" aria-required=\"true\" aria-invalid=\"false\" placeholder=\"utilisateur@email.com\" value=\"\" type=\"email\" name=\"emailAddress\" \/><\/span><br \/>\n<\/label>\n\t\t\t<\/p>\n\t\t<\/div>\n\t<\/div>\n\t<div class=\"row\">\n\t\t<div class=\"col-lg-12\">\n\t\t\t<p><input class=\"wpcf7-form-control wpcf7-submit has-spinner button btnBlue\" id=\"demoSubmit\" type=\"submit\" value=\"Soumettre la d\u00e9mo\" \/>\n\t\t\t<\/p>\n\t\t<\/div>\n\t<\/div>\n<\/div><div class=\"wpcf7-response-output\" aria-hidden=\"true\"><\/div>\n<\/form>\n<\/div>\n<\/div>\n<\/div>\n","protected":false},"excerpt":{"rendered":"<p>Comment fonctionne la r\u00e9servation de d\u00e9mo Afin d\u2019offrir un acc\u00e8s personnalis\u00e9 aux professionnels juridiques v\u00e9rifi\u00e9s, toutes les demandes de d\u00e9monstration sont soumises \u00e0 un bref processus de v\u00e9rification de licence. Lorsque vous soumettez le formulaire de r\u00e9servation, vous devrez fournir votre num\u00e9ro de licence professionnelle. Nous utilisons cette information pour confirmer que vous \u00eates : [&hellip;]<\/p>\n","protected":false},"author":4,"featured_media":0,"parent":0,"menu_order":0,"comment_status":"closed","ping_status":"closed","template":"","meta":{"inline_featured_image":false,"footnotes":""},"class_list":["post-10988","page","type-page","status-publish","hentry"],"_links":{"self":[{"href":"https:\/\/jurislocator.ca\/fr\/wp-json\/wp\/v2\/pages\/10988","targetHints":{"allow":["GET"]}}],"collection":[{"href":"https:\/\/jurislocator.ca\/fr\/wp-json\/wp\/v2\/pages"}],"about":[{"href":"https:\/\/jurislocator.ca\/fr\/wp-json\/wp\/v2\/types\/page"}],"author":[{"embeddable":true,"href":"https:\/\/jurislocator.ca\/fr\/wp-json\/wp\/v2\/users\/4"}],"replies":[{"embeddable":true,"href":"https:\/\/jurislocator.ca\/fr\/wp-json\/wp\/v2\/comments?post=10988"}],"version-history":[{"count":4,"href":"https:\/\/jurislocator.ca\/fr\/wp-json\/wp\/v2\/pages\/10988\/revisions"}],"predecessor-version":[{"id":12187,"href":"https:\/\/jurislocator.ca\/fr\/wp-json\/wp\/v2\/pages\/10988\/revisions\/12187"}],"wp:attachment":[{"href":"https:\/\/jurislocator.ca\/fr\/wp-json\/wp\/v2\/media?parent=10988"}],"curies":[{"name":"wp","href":"https:\/\/api.w.org\/{rel}","templated":true}]}}