{"id":11080,"date":"2025-06-30T05:52:07","date_gmt":"2025-06-30T05:52:07","guid":{"rendered":"https:\/\/jurislocator.ca\/merci-pour-votre-abonnement\/"},"modified":"2025-06-30T05:52:07","modified_gmt":"2025-06-30T05:52:07","slug":"merci-pour-votre-abonnement","status":"publish","type":"page","link":"https:\/\/jurislocator.ca\/fr\/merci-pour-votre-abonnement\/","title":{"rendered":"Merci pour votre abonnement"},"content":{"rendered":"<div class=\"row\">\n<div class=\"col-lg-6 text-center\"><img loading=\"lazy\" decoding=\"async\" class=\"aligncenter wp-image-11071 size-medium\" src=\"https:\/\/jurislocator.ca\/wp-content\/uploads\/2025\/06\/Email-campaign-amico-300x300.png\" alt=\"\" width=\"300\" height=\"300\" srcset=\"https:\/\/jurislocator.ca\/jurislocator-site\/wp-content\/uploads\/2025\/06\/Email-campaign-amico-300x300.png 300w, https:\/\/jurislocator.ca\/jurislocator-site\/wp-content\/uploads\/2025\/06\/Email-campaign-amico-1024x1024.png 1024w, https:\/\/jurislocator.ca\/jurislocator-site\/wp-content\/uploads\/2025\/06\/Email-campaign-amico-150x150.png 150w, https:\/\/jurislocator.ca\/jurislocator-site\/wp-content\/uploads\/2025\/06\/Email-campaign-amico-768x768.png 768w, https:\/\/jurislocator.ca\/jurislocator-site\/wp-content\/uploads\/2025\/06\/Email-campaign-amico-1536x1536.png 1536w, https:\/\/jurislocator.ca\/jurislocator-site\/wp-content\/uploads\/2025\/06\/Email-campaign-amico.png 2000w\" sizes=\"auto, (max-width: 300px) 100vw, 300px\" \/><\/div>\n<div class=\"col-lg-6\">\n<h3>Vous \u00eates maintenant abonn\u00e9(e) \u00e0 notre newsletter !You are successfully subscribe to our Newsletter!<\/h3>\n<p>Vous avez rejoint avec succ\u00e8s notre newsletter Jurisbrief. Restez \u00e0 l\u2019\u00e9coute pour recevoir des mises \u00e0 jour, des analyses et du contenu juridique exclusif.You\u2019ve successfully joined our Jurisbrief newsletter. Stay tuned for updates, insights, and exclusive legal content. <\/p>\n<\/div>\n<\/div>\n","protected":false},"excerpt":{"rendered":"<p>Vous \u00eates maintenant abonn\u00e9(e) \u00e0 notre newsletter !You are successfully subscribe to our Newsletter! Vous avez rejoint avec succ\u00e8s notre newsletter Jurisbrief. Restez \u00e0 l\u2019\u00e9coute pour recevoir des mises \u00e0 jour, des analyses et du contenu juridique exclusif.You\u2019ve successfully joined our Jurisbrief newsletter. Stay tuned for updates, insights, and exclusive legal content.<\/p>\n","protected":false},"author":4,"featured_media":0,"parent":0,"menu_order":0,"comment_status":"closed","ping_status":"closed","template":"","meta":{"inline_featured_image":false,"footnotes":""},"class_list":["post-11080","page","type-page","status-publish","hentry"],"_links":{"self":[{"href":"https:\/\/jurislocator.ca\/fr\/wp-json\/wp\/v2\/pages\/11080","targetHints":{"allow":["GET"]}}],"collection":[{"href":"https:\/\/jurislocator.ca\/fr\/wp-json\/wp\/v2\/pages"}],"about":[{"href":"https:\/\/jurislocator.ca\/fr\/wp-json\/wp\/v2\/types\/page"}],"author":[{"embeddable":true,"href":"https:\/\/jurislocator.ca\/fr\/wp-json\/wp\/v2\/users\/4"}],"replies":[{"embeddable":true,"href":"https:\/\/jurislocator.ca\/fr\/wp-json\/wp\/v2\/comments?post=11080"}],"version-history":[{"count":0,"href":"https:\/\/jurislocator.ca\/fr\/wp-json\/wp\/v2\/pages\/11080\/revisions"}],"wp:attachment":[{"href":"https:\/\/jurislocator.ca\/fr\/wp-json\/wp\/v2\/media?parent=11080"}],"curies":[{"name":"wp","href":"https:\/\/api.w.org\/{rel}","templated":true}]}}