{"id":12014,"date":"2025-07-29T03:56:51","date_gmt":"2025-07-29T03:56:51","guid":{"rendered":"https:\/\/jurislocator.ca\/programmes-de-preparation-aux-examens\/"},"modified":"2025-10-28T10:32:34","modified_gmt":"2025-10-28T10:32:34","slug":"programmes-de-preparation-aux-examens","status":"publish","type":"page","link":"https:\/\/jurislocator.ca\/fr\/programmes-de-preparation-aux-examens\/","title":{"rendered":"Programmes de pr\u00e9paration aux examens"},"content":{"rendered":"<h5>Programmes de pr\u00e9paration aux examens \u2013 Propuls\u00e9s par Jurislocator\u2122<\/h5>\n<p>Jurislocator\u2122 offre une pr\u00e9paration structur\u00e9e, \u00e0 jour et professionnelle aux examens officiels de certification et d\u2019autorisation exig\u00e9s des consultants en immigration canadiens titulaires d\u2019une licence du Coll\u00e8ge des consultants en immigration et en citoyennet\u00e9 (CCIC), ainsi que par le MIFI pour ceux et celles qui souhaitent exercer au Qu\u00e9bec.<\/p>\n<p>Gr\u00e2ce \u00e0 l\u2019acc\u00e8s l\u00e9gislatif exclusif SmartLink\u2122 de Jurislocator\u2122, les apprenants peuvent interagir directement avec les lois, r\u00e8glements et directives de l\u2019IRCC, de la CISR ou du MIFI, reli\u00e9s de fa\u00e7on dynamique entre les lois, r\u00e8glements et r\u00e9f\u00e9rences jurisprudentielles, assurant ainsi une compr\u00e9hension pr\u00e9cise et contextuelle du cadre juridique qui encadre leur pratique quotidienne.<\/p>\n<p>Chaque programme combine du mat\u00e9riel d\u2019\u00e9tude complet, des modules interactifs, des examens blancs et des strat\u00e9gies guid\u00e9es afin d\u2019assurer la ma\u00eetrise des dimensions th\u00e9oriques et pratiques du droit de l\u2019immigration et des r\u00e9fugi\u00e9s au Canada. En alliant rigueur juridique et analyse de cas r\u00e9els, Jurislocator\u2122 pr\u00e9pare les consultants non seulement \u00e0 r\u00e9ussir les examens du CCIC, mais \u00e9galement \u00e0 appliquer ces standards avec assurance dans leur pratique professionnelle quotidienne. <\/p>\n","protected":false},"excerpt":{"rendered":"<p>Programmes de pr\u00e9paration aux examens \u2013 Propuls\u00e9s par Jurislocator\u2122 Jurislocator\u2122 offre une pr\u00e9paration structur\u00e9e, \u00e0 jour et professionnelle aux examens officiels de certification et d\u2019autorisation exig\u00e9s des consultants en immigration canadiens titulaires d\u2019une licence du Coll\u00e8ge des consultants en immigration et en citoyennet\u00e9 (CCIC), ainsi que par le MIFI pour ceux et celles qui souhaitent [&hellip;]<\/p>\n","protected":false},"author":1,"featured_media":0,"parent":0,"menu_order":0,"comment_status":"closed","ping_status":"closed","template":"page-product-exam-preps.php","meta":{"inline_featured_image":false,"footnotes":""},"class_list":["post-12014","page","type-page","status-publish","hentry"],"_links":{"self":[{"href":"https:\/\/jurislocator.ca\/fr\/wp-json\/wp\/v2\/pages\/12014","targetHints":{"allow":["GET"]}}],"collection":[{"href":"https:\/\/jurislocator.ca\/fr\/wp-json\/wp\/v2\/pages"}],"about":[{"href":"https:\/\/jurislocator.ca\/fr\/wp-json\/wp\/v2\/types\/page"}],"author":[{"embeddable":true,"href":"https:\/\/jurislocator.ca\/fr\/wp-json\/wp\/v2\/users\/1"}],"replies":[{"embeddable":true,"href":"https:\/\/jurislocator.ca\/fr\/wp-json\/wp\/v2\/comments?post=12014"}],"version-history":[{"count":1,"href":"https:\/\/jurislocator.ca\/fr\/wp-json\/wp\/v2\/pages\/12014\/revisions"}],"predecessor-version":[{"id":12017,"href":"https:\/\/jurislocator.ca\/fr\/wp-json\/wp\/v2\/pages\/12014\/revisions\/12017"}],"wp:attachment":[{"href":"https:\/\/jurislocator.ca\/fr\/wp-json\/wp\/v2\/media?parent=12014"}],"curies":[{"name":"wp","href":"https:\/\/api.w.org\/{rel}","templated":true}]}}