{"id":12104,"date":"2025-10-31T04:16:27","date_gmt":"2025-10-31T04:16:27","guid":{"rendered":"https:\/\/jurislocator.ca\/plans-et-modules-complementaires-jurislocator\/"},"modified":"2025-12-12T06:46:38","modified_gmt":"2025-12-12T06:46:38","slug":"plans-et-modules-complementaires-jurislocator","status":"publish","type":"page","link":"https:\/\/jurislocator.ca\/fr\/plans-et-modules-complementaires-jurislocator\/","title":{"rendered":"Plans et Modules Compl\u00e9mentaires Jurislocator"},"content":{"rendered":"<p>D\u00e9couvrez les formules d\u2019abonnement flexibles et les modules de pr\u00e9paration aux examens de Jurislocator, con\u00e7us pour les professionnels de l\u2019immigration canadienne. Comparez les options mensuelles et annuelles, explorez les fonctionnalit\u00e9s offertes et trouvez les outils adapt\u00e9s \u00e0 votre pratique. Que vous d\u00e9butiez ou d\u00e9veloppiez votre cabinet, Jurislocator rend la recherche juridique et la documentation plus intelligentes, plus rapides et mieux connect\u00e9es.  <\/p>\n","protected":false},"excerpt":{"rendered":"<p>D\u00e9couvrez les formules d\u2019abonnement flexibles et les modules de pr\u00e9paration aux examens de Jurislocator, con\u00e7us pour les professionnels de l\u2019immigration canadienne. Comparez les options mensuelles et annuelles, explorez les fonctionnalit\u00e9s offertes et trouvez les outils adapt\u00e9s \u00e0 votre pratique. Que vous d\u00e9butiez ou d\u00e9veloppiez votre cabinet, Jurislocator rend la recherche juridique et la documentation plus [&hellip;]<\/p>\n","protected":false},"author":4,"featured_media":0,"parent":0,"menu_order":0,"comment_status":"closed","ping_status":"closed","template":"page-pricing.php","meta":{"inline_featured_image":false,"footnotes":""},"class_list":["post-12104","page","type-page","status-publish","hentry"],"_links":{"self":[{"href":"https:\/\/jurislocator.ca\/fr\/wp-json\/wp\/v2\/pages\/12104","targetHints":{"allow":["GET"]}}],"collection":[{"href":"https:\/\/jurislocator.ca\/fr\/wp-json\/wp\/v2\/pages"}],"about":[{"href":"https:\/\/jurislocator.ca\/fr\/wp-json\/wp\/v2\/types\/page"}],"author":[{"embeddable":true,"href":"https:\/\/jurislocator.ca\/fr\/wp-json\/wp\/v2\/users\/4"}],"replies":[{"embeddable":true,"href":"https:\/\/jurislocator.ca\/fr\/wp-json\/wp\/v2\/comments?post=12104"}],"version-history":[{"count":1,"href":"https:\/\/jurislocator.ca\/fr\/wp-json\/wp\/v2\/pages\/12104\/revisions"}],"predecessor-version":[{"id":12434,"href":"https:\/\/jurislocator.ca\/fr\/wp-json\/wp\/v2\/pages\/12104\/revisions\/12434"}],"wp:attachment":[{"href":"https:\/\/jurislocator.ca\/fr\/wp-json\/wp\/v2\/media?parent=12104"}],"curies":[{"name":"wp","href":"https:\/\/api.w.org\/{rel}","templated":true}]}}