{"id":12237,"date":"2025-11-22T07:08:08","date_gmt":"2025-11-22T07:08:08","guid":{"rendered":"https:\/\/jurislocator.ca\/?page_id=12237"},"modified":"2025-12-05T04:44:34","modified_gmt":"2025-12-05T04:44:34","slug":"cours-de-fpc-pour-2026","status":"publish","type":"page","link":"https:\/\/jurislocator.ca\/fr\/cours-de-fpc-pour-2026\/","title":{"rendered":"Cours de FPC pour 2026"},"content":{"rendered":"<div class=\"row\">\n<div class=\"col-lg-6 card p-3 rounded pricingMainText text-center mt-5\">\n<h2 class=\"mt-5\">JURISLOCATOR\u2122 <\/br> LA S\u00c9RIE MA\u00ceTRE DE 16 HEURES EN FPC <\/h2>\n<p><span class=\"ribbon\">En attente du CCIC<\/span><\/p>\n<h4>\u00ab Ma\u00eetriser le nouveau paysage de l\u2019immigration : risques silencieux et opportunit\u00e9s cach\u00e9es pour 2026 &#8211; 2027 \u00bb<\/h4>\n<p><strong>8 cours \u00d7 2 heures chacun = 16 h de FPC au total<\/strong><\/p>\n<p>Offert en paire anglais et fran\u00e7ais (contenu identique)<\/p>\n<p>Chaque cours comprend des diapositives, des mod\u00e8les, des listes de v\u00e9rification, des calculateurs, tous int\u00e9gr\u00e9s dans Jurislocator\u2122<\/p>\n<p class=\"text-small fst-italic\" style=\"color:var(--color-03);\">Nous lancerons les cours \u00e0 partir de janvier 2026.<\/p>\n<\/div>\n<div class=\"col-lg-6\"><img loading=\"lazy\" decoding=\"async\" class=\"alignnone size-full wp-image-10396\" src=\"https:\/\/jurislocator.ca\/wp-content\/uploads\/2025\/06\/Accessing-the-Dashboard-Completing-Your-Profile.png\" alt=\"\" width=\"500\" height=\"500\" srcset=\"https:\/\/jurislocator.ca\/jurislocator-site\/wp-content\/uploads\/2025\/06\/Accessing-the-Dashboard-Completing-Your-Profile.png 500w, https:\/\/jurislocator.ca\/jurislocator-site\/wp-content\/uploads\/2025\/06\/Accessing-the-Dashboard-Completing-Your-Profile-300x300.png 300w, https:\/\/jurislocator.ca\/jurislocator-site\/wp-content\/uploads\/2025\/06\/Accessing-the-Dashboard-Completing-Your-Profile-150x150.png 150w\" sizes=\"auto, (max-width: 500px) 100vw, 500px\" \/><\/div>\n<\/div>\n","protected":false},"excerpt":{"rendered":"<p>JURISLOCATOR\u2122 LA S\u00c9RIE MA\u00ceTRE DE 16 HEURES EN FPC En attente du CCIC \u00ab Ma\u00eetriser le nouveau paysage de l\u2019immigration : risques silencieux et opportunit\u00e9s cach\u00e9es pour 2026 &#8211; 2027 \u00bb 8 cours \u00d7 2 heures chacun = 16 h de FPC au total Offert en paire anglais et fran\u00e7ais (contenu identique) Chaque cours comprend [&hellip;]<\/p>\n","protected":false},"author":4,"featured_media":0,"parent":0,"menu_order":0,"comment_status":"closed","ping_status":"closed","template":"","meta":{"inline_featured_image":false,"footnotes":""},"class_list":["post-12237","page","type-page","status-publish","hentry"],"_links":{"self":[{"href":"https:\/\/jurislocator.ca\/fr\/wp-json\/wp\/v2\/pages\/12237","targetHints":{"allow":["GET"]}}],"collection":[{"href":"https:\/\/jurislocator.ca\/fr\/wp-json\/wp\/v2\/pages"}],"about":[{"href":"https:\/\/jurislocator.ca\/fr\/wp-json\/wp\/v2\/types\/page"}],"author":[{"embeddable":true,"href":"https:\/\/jurislocator.ca\/fr\/wp-json\/wp\/v2\/users\/4"}],"replies":[{"embeddable":true,"href":"https:\/\/jurislocator.ca\/fr\/wp-json\/wp\/v2\/comments?post=12237"}],"version-history":[{"count":6,"href":"https:\/\/jurislocator.ca\/fr\/wp-json\/wp\/v2\/pages\/12237\/revisions"}],"predecessor-version":[{"id":12328,"href":"https:\/\/jurislocator.ca\/fr\/wp-json\/wp\/v2\/pages\/12237\/revisions\/12328"}],"wp:attachment":[{"href":"https:\/\/jurislocator.ca\/fr\/wp-json\/wp\/v2\/media?parent=12237"}],"curies":[{"name":"wp","href":"https:\/\/api.w.org\/{rel}","templated":true}]}}