{"id":12361,"date":"2025-12-10T07:26:28","date_gmt":"2025-12-10T07:26:28","guid":{"rendered":"https:\/\/jurislocator.ca\/?page_id=12361"},"modified":"2025-12-10T07:55:38","modified_gmt":"2025-12-10T07:55:38","slug":"forfaits-de-preparation-a-lexamen","status":"publish","type":"page","link":"https:\/\/jurislocator.ca\/fr\/forfaits-de-preparation-a-lexamen\/","title":{"rendered":"Forfaits de pr\u00e9paration \u00e0 l&#8217;examen"},"content":{"rendered":"<h5>Aliment\u00e9 par Jurislocator\u2122<\/h5>\n<p>Jurislocator\u2122 offre maintenant un <b>syst\u00e8me de forfaits de Pr\u00e9pas d\u2019examen r\u00e9serv\u00e9<\/b> exclusivement aux CRIC.<br \/>\nCe syst\u00e8me permet aux consultants d\u2019ajouter un outil de grande valeur \u00e0 leurs services, d\u2019offrir une pr\u00e9pa aux clients lors de la signature d\u2019un mandat ou de la revendre au prix r\u00e9gulier dans le cadre de leurs services.<\/p>\n<p>Chaque CRIC b\u00e9n\u00e9ficie de :<\/p>\n<ul>\n<li aria-level=\"1\">Un <b>tableau de bord consultant<\/b> pour suivre les si\u00e8ges achet\u00e9s, utilis\u00e9s et restants<\/li>\n<li aria-level=\"1\">Une validit\u00e9 de 1 an pour le forfait<\/li>\n<li aria-level=\"1\">Une activation individuelle donnant 2 mois d\u2019acc\u00e8s au client<\/li>\n<li aria-level=\"1\">Un syst\u00e8me simple de codes d\u2019acc\u00e8s<\/li>\n<li aria-level=\"1\">Une tarification pr\u00e9f\u00e9rentielle r\u00e9serv\u00e9e aux CRIC<\/li>\n<\/ul>\n<p>Ce syst\u00e8me renforce l\u2019exp\u00e9rience client, am\u00e9liore vos services et vous permet de vous d\u00e9marquer dans un march\u00e9 comp\u00e9titif.<\/p>\n","protected":false},"excerpt":{"rendered":"<p>Aliment\u00e9 par Jurislocator\u2122 Jurislocator\u2122 offre maintenant un syst\u00e8me de forfaits de Pr\u00e9pas d\u2019examen r\u00e9serv\u00e9 exclusivement aux CRIC. Ce syst\u00e8me permet aux consultants d\u2019ajouter un outil de grande valeur \u00e0 leurs services, d\u2019offrir une pr\u00e9pa aux clients lors de la signature d\u2019un mandat ou de la revendre au prix r\u00e9gulier dans le cadre de leurs services. [&hellip;]<\/p>\n","protected":false},"author":1,"featured_media":0,"parent":0,"menu_order":0,"comment_status":"closed","ping_status":"closed","template":"page-prep-bundles.php","meta":{"inline_featured_image":false,"footnotes":""},"class_list":["post-12361","page","type-page","status-publish","hentry"],"_links":{"self":[{"href":"https:\/\/jurislocator.ca\/fr\/wp-json\/wp\/v2\/pages\/12361","targetHints":{"allow":["GET"]}}],"collection":[{"href":"https:\/\/jurislocator.ca\/fr\/wp-json\/wp\/v2\/pages"}],"about":[{"href":"https:\/\/jurislocator.ca\/fr\/wp-json\/wp\/v2\/types\/page"}],"author":[{"embeddable":true,"href":"https:\/\/jurislocator.ca\/fr\/wp-json\/wp\/v2\/users\/1"}],"replies":[{"embeddable":true,"href":"https:\/\/jurislocator.ca\/fr\/wp-json\/wp\/v2\/comments?post=12361"}],"version-history":[{"count":5,"href":"https:\/\/jurislocator.ca\/fr\/wp-json\/wp\/v2\/pages\/12361\/revisions"}],"predecessor-version":[{"id":12370,"href":"https:\/\/jurislocator.ca\/fr\/wp-json\/wp\/v2\/pages\/12361\/revisions\/12370"}],"wp:attachment":[{"href":"https:\/\/jurislocator.ca\/fr\/wp-json\/wp\/v2\/media?parent=12361"}],"curies":[{"name":"wp","href":"https:\/\/api.w.org\/{rel}","templated":true}]}}