{"id":12422,"date":"2025-12-11T12:17:42","date_gmt":"2025-12-11T12:17:42","guid":{"rendered":"https:\/\/jurislocator.ca\/offres-rcic-pour-les-forfaits-de-preparation-aux-examens\/"},"modified":"2026-03-06T06:50:17","modified_gmt":"2026-03-06T06:50:17","slug":"cric-offres","status":"publish","type":"page","link":"https:\/\/jurislocator.ca\/fr\/cric-offres\/","title":{"rendered":"CRIC Offres"},"content":{"rendered":"<h5>Offres CRIC disponibles prochainement !<\/h5>\n<p>Jurislocator\u2122 proposera un <b>syst\u00e8me de pr\u00e9paration aux examens en forfait<\/b> exclusif, sp\u00e9cialement con\u00e7u pour les CRIC titulaires d\u2019une licence.<\/p>\n<p>Ces forfaits permettent aux consultants d\u2019ajouter une ressource \u00e0 forte valeur ajout\u00e9e \u00e0 leurs services, d\u2019offrir la pr\u00e9paration aux examens en cadeau \u00e0 des clients qui signent une convention de mandat, ou de revendre la pr\u00e9paration au prix de d\u00e9tail standard dans le cadre de leurs forfaits de services.<\/p>\n<p>Chaque CRIC re\u00e7oit :<\/p>\n<ul>\n<li>Un <b>tableau de bord consultant<\/b> pour suivre les acc\u00e8s achet\u00e9s, utilis\u00e9s et restants<\/li>\n<li>Une validit\u00e9 de 1 an pour le forfait<\/li>\n<li>Des pr\u00e9parations aux examens activ\u00e9es individuellement, avec un acc\u00e8s de 2 mois pour les clients<\/li>\n<li>Un syst\u00e8me de r\u00e9demption simple bas\u00e9 sur un code<\/li>\n<li>Des tarifs de gros sp\u00e9ciaux r\u00e9serv\u00e9s uniquement aux CRIC titulaires d\u2019une licence<\/li>\n<\/ul>\n<p><i class=\"fa-brands fa-canadian-maple-leaf\"><\/i> Ce syst\u00e8me de forfaits permet aux consultants d\u2019augmenter la satisfaction des clients, <i class=\"fa-brands fa-canadian-maple-leaf\"><\/i> de renforcer leur exp\u00e9rience d\u2019int\u00e9gration, et <i class=\"fa-brands fa-canadian-maple-leaf\"><\/i> de diff\u00e9rencier leur pratique tout en g\u00e9n\u00e9rant une valeur ajout\u00e9e suppl\u00e9mentaire.<\/p>\n","protected":false},"excerpt":{"rendered":"<p>Offres CRIC disponibles prochainement ! Jurislocator\u2122 proposera un syst\u00e8me de pr\u00e9paration aux examens en forfait exclusif, sp\u00e9cialement con\u00e7u pour les CRIC titulaires d\u2019une licence. Ces forfaits permettent aux consultants d\u2019ajouter une ressource \u00e0 forte valeur ajout\u00e9e \u00e0 leurs services, d\u2019offrir la pr\u00e9paration aux examens en cadeau \u00e0 des clients qui signent une convention de mandat, [&hellip;]<\/p>\n","protected":false},"author":4,"featured_media":0,"parent":0,"menu_order":0,"comment_status":"closed","ping_status":"closed","template":"page-prep-bundles.php","meta":{"inline_featured_image":false,"footnotes":""},"class_list":["post-12422","page","type-page","status-publish","hentry"],"_links":{"self":[{"href":"https:\/\/jurislocator.ca\/fr\/wp-json\/wp\/v2\/pages\/12422","targetHints":{"allow":["GET"]}}],"collection":[{"href":"https:\/\/jurislocator.ca\/fr\/wp-json\/wp\/v2\/pages"}],"about":[{"href":"https:\/\/jurislocator.ca\/fr\/wp-json\/wp\/v2\/types\/page"}],"author":[{"embeddable":true,"href":"https:\/\/jurislocator.ca\/fr\/wp-json\/wp\/v2\/users\/4"}],"replies":[{"embeddable":true,"href":"https:\/\/jurislocator.ca\/fr\/wp-json\/wp\/v2\/comments?post=12422"}],"version-history":[{"count":8,"href":"https:\/\/jurislocator.ca\/fr\/wp-json\/wp\/v2\/pages\/12422\/revisions"}],"predecessor-version":[{"id":13141,"href":"https:\/\/jurislocator.ca\/fr\/wp-json\/wp\/v2\/pages\/12422\/revisions\/13141"}],"wp:attachment":[{"href":"https:\/\/jurislocator.ca\/fr\/wp-json\/wp\/v2\/media?parent=12422"}],"curies":[{"name":"wp","href":"https:\/\/api.w.org\/{rel}","templated":true}]}}