{"id":13081,"date":"2026-02-12T09:10:24","date_gmt":"2026-02-12T09:10:24","guid":{"rendered":"https:\/\/jurislocator.ca\/?page_id=13081"},"modified":"2026-05-06T06:36:10","modified_gmt":"2026-05-06T06:36:10","slug":"jurisacademie","status":"publish","type":"page","link":"https:\/\/jurislocator.ca\/fr\/jurisacademie\/","title":{"rendered":"JurisAcad\u00e9mie"},"content":{"rendered":"<h6>Propuls\u00e9 par Jurislocator\u2122<\/h6>\n<p class=\"lead mb-4\">Une plateforme d\u2019apprentissage moderne con\u00e7ue pour les professionnels de l\u2019immigration canadienne, les \u00e9tudiants et le grand public \u2014 offrant des programmes de pr\u00e9paration aux examens pour les utilisateurs publics, des cours de FPC (CPD) pour les RCIC, ainsi que des cours bilingues en anglais et en fran\u00e7ais propos\u00e9s sous forme de versions s\u00e9par\u00e9es et identiques, le tout enrichi par des outils Jurislocator\u2122 int\u00e9gr\u00e9s.<\/p>\n<div class=\"d-flex justify-content-center flex-wrap gap-1 mb-4\">\n  <span class=\"jl-badge\">Cours EN\/FR s\u00e9par\u00e9s (contenu identique)<\/span><br \/>\n  <span class=\"jl-badge\">Outils int\u00e9gr\u00e9s aux le\u00e7ons<\/span><br \/>\n  <span class=\"jl-badge\">Parcours structur\u00e9s et align\u00e9s sur les examens<\/span>\n<\/div>\n<div class=\"d-flex justify-content-center mt-5 gap-2\">\n  <a class=\"button btnYellow\" href=\"#prepPricing\">Voir les tarifs<\/a><br \/>\n  <a class=\"button btnBlank\" href=\"#features\">D\u00e9couvrir les fonctionnalit\u00e9s<\/a>\n<\/div>\n<p class=\"fineprint mb-0\">Remarque : Des v\u00e9rifications de licence ou d\u2019admissibilit\u00e9 peuvent s\u2019appliquer aux programmes r\u00e9serv\u00e9s aux praticiens. Lorsque requis, les num\u00e9ros de licence peuvent \u00eatre v\u00e9rifi\u00e9s et faire l\u2019objet d\u2019un examen manuel si n\u00e9cessaire.<\/p>\n","protected":false},"excerpt":{"rendered":"<p>Propuls\u00e9 par Jurislocator\u2122 Une plateforme d\u2019apprentissage moderne con\u00e7ue pour les professionnels de l\u2019immigration canadienne, les \u00e9tudiants et le grand public \u2014 offrant des programmes de pr\u00e9paration aux examens pour les utilisateurs publics, des cours de FPC (CPD) pour les RCIC, ainsi que des cours bilingues en anglais et en fran\u00e7ais propos\u00e9s sous forme de versions [&hellip;]<\/p>\n","protected":false},"author":4,"featured_media":10695,"parent":0,"menu_order":0,"comment_status":"closed","ping_status":"closed","template":"page-jurisacademy.php","meta":{"inline_featured_image":false,"footnotes":""},"class_list":["post-13081","page","type-page","status-publish","has-post-thumbnail","hentry"],"_links":{"self":[{"href":"https:\/\/jurislocator.ca\/fr\/wp-json\/wp\/v2\/pages\/13081","targetHints":{"allow":["GET"]}}],"collection":[{"href":"https:\/\/jurislocator.ca\/fr\/wp-json\/wp\/v2\/pages"}],"about":[{"href":"https:\/\/jurislocator.ca\/fr\/wp-json\/wp\/v2\/types\/page"}],"author":[{"embeddable":true,"href":"https:\/\/jurislocator.ca\/fr\/wp-json\/wp\/v2\/users\/4"}],"replies":[{"embeddable":true,"href":"https:\/\/jurislocator.ca\/fr\/wp-json\/wp\/v2\/comments?post=13081"}],"version-history":[{"count":3,"href":"https:\/\/jurislocator.ca\/fr\/wp-json\/wp\/v2\/pages\/13081\/revisions"}],"predecessor-version":[{"id":13148,"href":"https:\/\/jurislocator.ca\/fr\/wp-json\/wp\/v2\/pages\/13081\/revisions\/13148"}],"wp:featuredmedia":[{"embeddable":true,"href":"https:\/\/jurislocator.ca\/fr\/wp-json\/wp\/v2\/media\/10695"}],"wp:attachment":[{"href":"https:\/\/jurislocator.ca\/fr\/wp-json\/wp\/v2\/media?parent=13081"}],"curies":[{"name":"wp","href":"https:\/\/api.w.org\/{rel}","templated":true}]}}